{"id":1315,"date":"2020-08-20T03:27:25","date_gmt":"2020-08-20T03:27:25","guid":{"rendered":"https:\/\/kav.org.tr\/new-site\/?page_id=1315"},"modified":"2026-01-07T14:02:40","modified_gmt":"2026-01-07T11:02:40","slug":"about","status":"publish","type":"page","link":"https:\/\/kav.org.tr\/tr\/about\/","title":{"rendered":"Hakk\u0131m\u0131zda"},"content":{"rendered":"\t\t<div data-elementor-type=\"wp-page\" data-elementor-id=\"1315\" class=\"elementor elementor-1315\" data-elementor-post-type=\"page\">\n\t\t\t\t\t\t<section class=\"elementor-section elementor-top-section elementor-element elementor-element-e1dd29d elementor-section-boxed elementor-section-height-default elementor-section-height-default\" data-id=\"e1dd29d\" data-element_type=\"section\" data-e-type=\"section\">\n\t\t\t\t\t\t<div class=\"elementor-container elementor-column-gap-default\">\n\t\t\t\t\t<div class=\"elementor-column elementor-col-50 elementor-top-column elementor-element elementor-element-72ce8f4\" data-id=\"72ce8f4\" data-element_type=\"column\" data-e-type=\"column\">\n\t\t\t<div class=\"elementor-widget-wrap elementor-element-populated\">\n\t\t\t\t\t\t<div class=\"elementor-element elementor-element-a673ea2 elementor-widget elementor-widget-heading\" data-id=\"a673ea2\" data-element_type=\"widget\" data-e-type=\"widget\" data-widget_type=\"heading.default\">\n\t\t\t\t<div class=\"elementor-widget-container\">\n\t\t\t\t\t<h2 class=\"elementor-heading-title elementor-size-default\">Kamu Ara\u015ft\u0131rmalar\u0131 Vakf\u0131<\/h2>\t\t\t\t<\/div>\n\t\t\t\t<\/div>\n\t\t\t\t<div class=\"elementor-element elementor-element-0e6a467 elementor-widget elementor-widget-text-editor\" data-id=\"0e6a467\" data-element_type=\"widget\" data-e-type=\"widget\" data-widget_type=\"text-editor.default\">\n\t\t\t\t<div class=\"elementor-widget-container\">\n\t\t\t\t\t\t\t\t\t<p>Merkezi Ankara\u2019da olan Kamu Ara\u015ft\u0131rmalar\u0131 Vakf\u0131 (KAV) 1 Aral\u0131k 1995 tarihinde kurularak faaliyetlerine ba\u015flam\u0131\u015ft\u0131r.<\/p>\n<p>Vakf\u0131n amac\u0131,<\/p>\n<p>\u00dclkemizin i\u00e7inde bulundu\u011fu h\u0131zl\u0131 ekonomik ve sosyal de\u011fi\u015fme s\u00fcreci i\u00e7inde, geli\u015fen d\u00fcnya \u015fartlar\u0131na uyum sa\u011flamak, insan\u0131m\u0131za sahip oldu\u011fu temel tarihi, sosyal ve k\u00fclt\u00fcrel de\u011ferlerle ba\u011flant\u0131l\u0131 olarak \u00fclkemizin mevcut do\u011fal, ekonomik ve be\u015feri kaynaklar\u0131yla dengeli bir bi\u00e7imde kalk\u0131nmas\u0131na katk\u0131da bulunmak \u00fczere;<\/p>\t\t\t\t\t\t\t\t<\/div>\n\t\t\t\t<\/div>\n\t\t\t\t\t<\/div>\n\t\t<\/div>\n\t\t\t\t<div class=\"elementor-column elementor-col-50 elementor-top-column elementor-element elementor-element-bef0398\" data-id=\"bef0398\" data-element_type=\"column\" data-e-type=\"column\">\n\t\t\t<div class=\"elementor-widget-wrap elementor-element-populated\">\n\t\t\t\t\t\t<div class=\"elementor-element elementor-element-4f5d308 elementor-widget__width-initial elementor-widget elementor-widget-video\" data-id=\"4f5d308\" data-element_type=\"widget\" data-e-type=\"widget\" data-settings=\"{&quot;youtube_url&quot;:&quot;https:\\\/\\\/www.youtube.com\\\/watch?v=bnPzJhIsFyY&quot;,&quot;video_type&quot;:&quot;youtube&quot;,&quot;controls&quot;:&quot;yes&quot;}\" data-widget_type=\"video.default\">\n\t\t\t\t<div class=\"elementor-widget-container\">\n\t\t\t\t\t\t\t<div class=\"elementor-wrapper elementor-open-inline\">\n\t\t\t<div class=\"elementor-video\"><\/div>\t\t<\/div>\n\t\t\t\t\t\t<\/div>\n\t\t\t\t<\/div>\n\t\t\t\t\t<\/div>\n\t\t<\/div>\n\t\t\t\t\t<\/div>\n\t\t<\/section>\n\t\t\t\t<section class=\"elementor-section elementor-top-section elementor-element elementor-element-e235fff elementor-section-boxed elementor-section-height-default elementor-section-height-default\" data-id=\"e235fff\" data-element_type=\"section\" data-e-type=\"section\">\n\t\t\t\t\t\t<div class=\"elementor-container elementor-column-gap-default\">\n\t\t\t\t\t<div class=\"elementor-column elementor-col-100 elementor-top-column elementor-element elementor-element-feb92e9\" data-id=\"feb92e9\" data-element_type=\"column\" data-e-type=\"column\">\n\t\t\t<div class=\"elementor-widget-wrap elementor-element-populated\">\n\t\t\t\t\t\t<div class=\"elementor-element elementor-element-c6aec48 elementor-widget__width-initial elementor-widget elementor-widget-text-editor\" data-id=\"c6aec48\" data-element_type=\"widget\" data-e-type=\"widget\" data-widget_type=\"text-editor.default\">\n\t\t\t\t<div class=\"elementor-widget-container\">\n\t\t\t\t\t\t\t\t\t<ul><li>\u00a0\u00dclkemizde t\u00fcm toplumun ve kamu kesiminin tarihi, sosyal, ekonomik ve k\u00fclt\u00fcrel y\u00f6nden kar\u015f\u0131 kar\u015f\u0131ya bulundu\u011fu darbo\u011fazlar\u0131 belirlemek, bunlarla ilgili sorun alanlar\u0131n\u0131 ortaya koymak, halk\u0131n, kamuoyunun ve ilgili kamu mercilerinin mevcut sorunlar ve bunlarla ilgili \u00e7\u00f6z\u00fcm yollar\u0131 \u00fczerinde bilgilendirilmesini sa\u011flamak.<\/li><li>\u00dclkemizin sahip oldu\u011fu tarihi ve sosyal miras ve k\u00fclt\u00fcr de\u011ferleri \u00e7er\u00e7evesinde gelece\u011fin teminat\u0131 olacak sa\u011fl\u0131kl\u0131, dengeli ve k\u00fclt\u00fcrl\u00fc nesillerin yeti\u015ftirilmesine katk\u0131da bulunmak.<\/li><li>Toplumun ve \u00f6zellikle kamu kesiminin kar\u015f\u0131 kar\u015f\u0131ya bulundu\u011fu siyasi, ekonomik ve idari darbo\u011fazlar\u0131n a\u015f\u0131lmas\u0131 ve mevcut sorunlar\u0131n giderilmesinde potansiyel imkanlar aras\u0131ndan uygun \u00e7\u00f6z\u00fcm yollar\u0131 bulunmas\u0131 konusunda ara\u015ft\u0131rmalar yapmak, toplu ve ferdi olarak \u00fclkemizin sahip oldu\u011fu ekonomik ve sosyal ara\u00e7lar\u0131n ak\u0131lc\u0131 bir bi\u00e7imde de\u011ferlendirilmesi ve potansiyel kaynaklar\u0131n harekete ge\u00e7irilmesi suretiyle kamu y\u00f6netiminin iyile\u015ftirilmesine ve topyek\u00fcn kalk\u0131nman\u0131n h\u0131zland\u0131r\u0131lmas\u0131na y\u00f6nelik \u00e7\u00f6z\u00fcm \u00f6nerileri getirmek, bu konularda elde edilen inceleme ve ara\u015ft\u0131rma sonu\u00e7lar\u0131yla model \u00f6nerilerini ki\u015filerin, kurulu\u015flar\u0131n ve kamu mercilerinin istifadesine sunmakt\u0131r.<\/li><li><p data-pm-slice=\"1 1 []\">Vak\u0131f b\u00fcnyesinde; Kamu Y\u00f6netimi, Ekonomi, Sosyal Yap\u0131 ve Kalk\u0131nma ile Bilim ve Teknoloji Direkt\u00f6rl\u00fckleri kurulmu\u015f ve bu alanlarda ara\u015ft\u0131rma faaliyetleri s\u00fcrd\u00fcr\u00fclmektedir.KAV ayr\u0131ca kamu politikalar\u0131na y\u00f6nelik sorunlar hakk\u0131nda e\u011fitim seminerleri ile \u00fclke \u00e7ap\u0131nda konferanslar ve sa\u011fl\u0131k, turizm, \u00e7evre, politika, k\u0131rsal kalk\u0131nma ve bilim ve teknoloji alanlar\u0131ndaki uzmanlar\u0131 bir araya getiren tart\u0131\u015fma toplant\u0131lar\u0131 d\u00fczenlemektedir.<br \/>\u00c7e\u015fitli kamu kurumlar\u0131 ve sivil toplum \u00f6rg\u00fctleri ile birlikte ara\u015ft\u0131rma, sempozyum, kongre, ortak proje ve yay\u0131n faaliyetleri y\u00fcr\u00fct\u00fclmektedir. Bunlar\u0131n yan\u0131 s\u0131ra \u00fcniversite \u00f6\u011frencilerine burs ve lisans ve lisans\u00fcst\u00fc d\u00fczeyinde dan\u0131\u015fmanl\u0131k verilmekte, kitap ve ara\u015ft\u0131rma konular\u0131nda y\u00f6nlendirme \u00e7al\u0131\u015fmalar\u0131 yap\u0131lmaktad\u0131r.<br \/>Son olarak Kamu Ara\u015ft\u0131rmalar\u0131 Vakf\u0131 ba\u015fta insan haklar\u0131, halk sa\u011fl\u0131\u011f\u0131, bilim ve teknoloji gibi konular olmak \u00fczere \u00fclke g\u00fcndemini ilgilendiren pek \u00e7ok alanda proje ekipleri olu\u015fturmu\u015f ve bu ekiplerle mevcut sorunlar\u0131n \u00e7\u00f6z\u00fcm\u00fcne y\u00f6nelik proje \u00e7al\u0131\u015fmalar\u0131 y\u00fcr\u00fctmektedir.<\/p><\/li><\/ul>\t\t\t\t\t\t\t\t<\/div>\n\t\t\t\t<\/div>\n\t\t\t\t\t<\/div>\n\t\t<\/div>\n\t\t\t\t\t<\/div>\n\t\t<\/section>\n\t\t\t\t<section class=\"elementor-section elementor-top-section elementor-element elementor-element-17b4b88 elementor-section-full_width elementor-section-height-default elementor-section-height-default\" data-id=\"17b4b88\" data-element_type=\"section\" data-e-type=\"section\" data-settings=\"{&quot;background_background&quot;:&quot;classic&quot;,&quot;background_motion_fx_motion_fx_mouse&quot;:&quot;yes&quot;,&quot;background_motion_fx_mouseTrack_effect&quot;:&quot;yes&quot;,&quot;background_motion_fx_mouseTrack_speed&quot;:{&quot;unit&quot;:&quot;px&quot;,&quot;size&quot;:0,&quot;sizes&quot;:[]}}\">\n\t\t\t\t\t\t<div class=\"elementor-container elementor-column-gap-default\">\n\t\t\t\t\t<div class=\"elementor-column elementor-col-25 elementor-top-column elementor-element elementor-element-0f68b70\" data-id=\"0f68b70\" data-element_type=\"column\" data-e-type=\"column\">\n\t\t\t<div class=\"elementor-widget-wrap elementor-element-populated\">\n\t\t\t\t\t\t<div class=\"elementor-element elementor-element-b407a7f ova_egovt_counter elementor-widget elementor-widget-counter\" data-id=\"b407a7f\" data-element_type=\"widget\" data-e-type=\"widget\" data-widget_type=\"counter.default\">\n\t\t\t\t<div class=\"elementor-widget-container\">\n\t\t\t\t\t\t\t<div class=\"elementor-counter\">\n\t\t\t<div class=\"elementor-counter-title\">Y\u0131ll\u0131k Deneyim<\/div>\t\t\t<div class=\"elementor-counter-number-wrapper\">\n\t\t\t\t<span class=\"elementor-counter-number-prefix\"><\/span>\n\t\t\t\t<span class=\"elementor-counter-number\" data-duration=\"2000\" data-to-value=\"30\" data-from-value=\"0\" data-delimiter=\",\">0<\/span>\n\t\t\t\t<span class=\"elementor-counter-number-suffix\"><\/span>\n\t\t\t<\/div>\n\t\t<\/div>\n\t\t\t\t\t\t<\/div>\n\t\t\t\t<\/div>\n\t\t\t\t\t<\/div>\n\t\t<\/div>\n\t\t\t\t<div class=\"elementor-column elementor-col-25 elementor-top-column elementor-element elementor-element-273d07d\" data-id=\"273d07d\" data-element_type=\"column\" data-e-type=\"column\">\n\t\t\t<div class=\"elementor-widget-wrap elementor-element-populated\">\n\t\t\t\t\t\t<div class=\"elementor-element elementor-element-65f7a75 ova_egovt_counter elementor-widget elementor-widget-counter\" data-id=\"65f7a75\" data-element_type=\"widget\" data-e-type=\"widget\" data-widget_type=\"counter.default\">\n\t\t\t\t<div class=\"elementor-widget-container\">\n\t\t\t\t\t\t\t<div class=\"elementor-counter\">\n\t\t\t<div class=\"elementor-counter-title\">Tamamlanan Proje<\/div>\t\t\t<div class=\"elementor-counter-number-wrapper\">\n\t\t\t\t<span class=\"elementor-counter-number-prefix\"><\/span>\n\t\t\t\t<span class=\"elementor-counter-number\" data-duration=\"2000\" data-to-value=\"150\" data-from-value=\"0\" data-delimiter=\",\">0<\/span>\n\t\t\t\t<span class=\"elementor-counter-number-suffix\">+<\/span>\n\t\t\t<\/div>\n\t\t<\/div>\n\t\t\t\t\t\t<\/div>\n\t\t\t\t<\/div>\n\t\t\t\t\t<\/div>\n\t\t<\/div>\n\t\t\t\t<div class=\"elementor-column elementor-col-25 elementor-top-column elementor-element elementor-element-27142c5\" data-id=\"27142c5\" data-element_type=\"column\" data-e-type=\"column\">\n\t\t\t<div class=\"elementor-widget-wrap elementor-element-populated\">\n\t\t\t\t\t\t<div class=\"elementor-element elementor-element-7445a1c ova_egovt_counter elementor-widget elementor-widget-counter\" data-id=\"7445a1c\" data-element_type=\"widget\" data-e-type=\"widget\" data-widget_type=\"counter.default\">\n\t\t\t\t<div class=\"elementor-widget-container\">\n\t\t\t\t\t\t\t<div class=\"elementor-counter\">\n\t\t\t<div class=\"elementor-counter-title\">\u0130\u015fbirli\u011fi Yap\u0131lan Kurum<\/div>\t\t\t<div class=\"elementor-counter-number-wrapper\">\n\t\t\t\t<span class=\"elementor-counter-number-prefix\"><\/span>\n\t\t\t\t<span class=\"elementor-counter-number\" data-duration=\"2000\" data-to-value=\"75\" data-from-value=\"0\" data-delimiter=\",\">0<\/span>\n\t\t\t\t<span class=\"elementor-counter-number-suffix\">+<\/span>\n\t\t\t<\/div>\n\t\t<\/div>\n\t\t\t\t\t\t<\/div>\n\t\t\t\t<\/div>\n\t\t\t\t\t<\/div>\n\t\t<\/div>\n\t\t\t\t<div class=\"elementor-column elementor-col-25 elementor-top-column elementor-element elementor-element-fab0cec\" data-id=\"fab0cec\" data-element_type=\"column\" data-e-type=\"column\">\n\t\t\t<div class=\"elementor-widget-wrap elementor-element-populated\">\n\t\t\t\t\t\t<div class=\"elementor-element elementor-element-ad5e72c ova_egovt_counter elementor-widget elementor-widget-counter\" data-id=\"ad5e72c\" data-element_type=\"widget\" data-e-type=\"widget\" data-widget_type=\"counter.default\">\n\t\t\t\t<div class=\"elementor-widget-container\">\n\t\t\t\t\t\t\t<div class=\"elementor-counter\">\n\t\t\t<div class=\"elementor-counter-title\">Ara\u015ft\u0131rmaya Kat\u0131lan Birey<\/div>\t\t\t<div class=\"elementor-counter-number-wrapper\">\n\t\t\t\t<span class=\"elementor-counter-number-prefix\"><\/span>\n\t\t\t\t<span class=\"elementor-counter-number\" data-duration=\"2000\" data-to-value=\"10000\" data-from-value=\"9212\" data-delimiter=\",\">9212<\/span>\n\t\t\t\t<span class=\"elementor-counter-number-suffix\"><\/span>\n\t\t\t<\/div>\n\t\t<\/div>\n\t\t\t\t\t\t<\/div>\n\t\t\t\t<\/div>\n\t\t\t\t\t<\/div>\n\t\t<\/div>\n\t\t\t\t\t<\/div>\n\t\t<\/section>\n\t\t<div class=\"elementor-element elementor-element-f4b0b25 e-con-full e-flex e-con e-parent\" data-id=\"f4b0b25\" data-element_type=\"container\" data-e-type=\"container\">\n\t\t<div class=\"elementor-element elementor-element-4df5b5f e-con-full e-flex e-con e-child\" data-id=\"4df5b5f\" data-element_type=\"container\" data-e-type=\"container\">\n\t\t\t\t<div class=\"elementor-element elementor-element-81624cd elementor-widget-divider--view-line elementor-widget elementor-widget-divider\" data-id=\"81624cd\" data-element_type=\"widget\" data-e-type=\"widget\" data-widget_type=\"divider.default\">\n\t\t\t\t<div class=\"elementor-widget-container\">\n\t\t\t\t\t\t\t<div class=\"elementor-divider\">\n\t\t\t<span class=\"elementor-divider-separator\">\n\t\t\t\t\t\t<\/span>\n\t\t<\/div>\n\t\t\t\t\t\t<\/div>\n\t\t\t\t<\/div>\n\t\t\t\t<\/div>\n\t\t\t\t<\/div>\n\t\t<div class=\"elementor-element elementor-element-0e46929 e-con-full e-flex e-con e-parent\" data-id=\"0e46929\" data-element_type=\"container\" data-e-type=\"container\">\n\t\t<div class=\"elementor-element elementor-element-2b1e268 e-con-full e-flex e-con e-child\" data-id=\"2b1e268\" data-element_type=\"container\" data-e-type=\"container\">\n\t\t\t\t<div class=\"elementor-element elementor-element-adae326 elementor-widget elementor-widget-video\" data-id=\"adae326\" data-element_type=\"widget\" data-e-type=\"widget\" data-settings=\"{&quot;video_type&quot;:&quot;hosted&quot;,&quot;autoplay&quot;:&quot;yes&quot;,&quot;loop&quot;:&quot;yes&quot;,&quot;controls&quot;:&quot;yes&quot;}\" data-widget_type=\"video.default\">\n\t\t\t\t<div class=\"elementor-widget-container\">\n\t\t\t\t\t\t\t<div class=\"e-hosted-video elementor-wrapper elementor-open-inline\">\n\t\t\t\t\t<video class=\"elementor-video\" src=\"https:\/\/kav.org.tr\/tr\/wp-content\/uploads\/2025\/05\/Adsiz-tasarim.mp4\" autoplay=\"\" loop=\"\" controls=\"\" controlsList=\"nodownload\"><\/video>\n\t\t\t\t<\/div>\n\t\t\t\t\t\t<\/div>\n\t\t\t\t<\/div>\n\t\t\t\t<\/div>\n\t\t<div class=\"elementor-element elementor-element-42a836c e-con-full e-flex e-con e-child\" data-id=\"42a836c\" data-element_type=\"container\" data-e-type=\"container\">\n\t\t\t\t<div class=\"elementor-element elementor-element-93859d4 elementor-cta--skin-cover elementor-animated-content elementor-bg-transform elementor-bg-transform-zoom-in elementor-widget elementor-widget-call-to-action\" data-id=\"93859d4\" data-element_type=\"widget\" data-e-type=\"widget\" data-widget_type=\"call-to-action.default\">\n\t\t\t\t<div class=\"elementor-widget-container\">\n\t\t\t\t\t\t\t<div class=\"elementor-cta\">\n\t\t\t\t\t<div class=\"elementor-cta__bg-wrapper\">\n\t\t\t\t<div class=\"elementor-cta__bg elementor-bg\" style=\"background-image: url(https:\/\/kav.org.tr\/wp-content\/uploads\/2025\/05\/3.jpg);\" role=\"img\" aria-label=\"3\"><\/div>\n\t\t\t\t<div class=\"elementor-cta__bg-overlay\"><\/div>\n\t\t\t<\/div>\n\t\t\t\t\t\t\t<div class=\"elementor-cta__content\">\n\t\t\t\t\n\t\t\t\t\t\t\t\t\t<h1 class=\"elementor-cta__title elementor-cta__content-item elementor-content-item elementor-animated-item--enter-zoom-in\">\n\t\t\t\t\t\tKamu Ara\u015ft\u0131rmalar\u0131 Vakf\u0131 Olarak\t\t\t\t\t<\/h1>\n\t\t\t\t\n\t\t\t\t\t\t\t\t\t<div class=\"elementor-cta__description elementor-cta__content-item elementor-content-item elementor-animated-item--enter-zoom-in\">\n\t\t\t\t\t\tT\u00fcrkiye'nin daha iyi bir gelece\u011fe ula\u015fmas\u0131 i\u00e7in \u00e7al\u0131\u015f\u0131yoruz. Siz de projelerimize destek olabilir, g\u00f6n\u00fcll\u00fc olarak katk\u0131 sa\u011flayabilir veya ara\u015ft\u0131rmalar\u0131m\u0131z\u0131 takip edebilirsiniz.\t\t\t\t\t<\/div>\n\t\t\t\t\n\t\t\t\t\t\t\t\t\t<div class=\"elementor-cta__button-wrapper elementor-cta__content-item elementor-content-item elementor-animated-item--enter-zoom-in\">\n\t\t\t\t\t<a class=\"elementor-cta__button elementor-button elementor-size-\">\n\t\t\t\t\t\tG\u00f6n\u00fcll\u00fc Ol\t\t\t\t\t<\/a>\n\t\t\t\t\t<\/div>\n\t\t\t\t\t\t\t<\/div>\n\t\t\t\t\t\t<\/div>\n\t\t\t\t\t\t<\/div>\n\t\t\t\t<\/div>\n\t\t\t\t<\/div>\n\t\t\t\t<\/div>\n\t\t\t\t<\/div>\n\t\t","protected":false},"excerpt":{"rendered":"<p>Kamu Ara\u015ft\u0131rmalar\u0131 Vakf\u0131 Merkezi Ankara\u2019da olan Kamu Ara\u015ft\u0131rmalar\u0131 Vakf\u0131 (KAV) 1 Aral\u0131k 1995 tarihinde kurularak faaliyetlerine ba\u015flam\u0131\u015ft\u0131r. Vakf\u0131n amac\u0131, \u00dclkemizin i\u00e7inde bulundu\u011fu h\u0131zl\u0131 ekonomik ve sosyal de\u011fi\u015fme s\u00fcreci i\u00e7inde, geli\u015fen [&hellip;]<\/p>\n","protected":false},"author":1,"featured_media":352,"parent":0,"menu_order":0,"comment_status":"closed","ping_status":"closed","template":"elementor_header_footer","meta":{"give_campaign_id":0,"footnotes":""},"class_list":["post-1315","page","type-page","status-publish","has-post-thumbnail","hentry"],"campaignId":"","_links":{"self":[{"href":"https:\/\/kav.org.tr\/tr\/wp-json\/wp\/v2\/pages\/1315","targetHints":{"allow":["GET"]}}],"collection":[{"href":"https:\/\/kav.org.tr\/tr\/wp-json\/wp\/v2\/pages"}],"about":[{"href":"https:\/\/kav.org.tr\/tr\/wp-json\/wp\/v2\/types\/page"}],"author":[{"embeddable":true,"href":"https:\/\/kav.org.tr\/tr\/wp-json\/wp\/v2\/users\/1"}],"replies":[{"embeddable":true,"href":"https:\/\/kav.org.tr\/tr\/wp-json\/wp\/v2\/comments?post=1315"}],"version-history":[{"count":41,"href":"https:\/\/kav.org.tr\/tr\/wp-json\/wp\/v2\/pages\/1315\/revisions"}],"predecessor-version":[{"id":6846,"href":"https:\/\/kav.org.tr\/tr\/wp-json\/wp\/v2\/pages\/1315\/revisions\/6846"}],"wp:featuredmedia":[{"embeddable":true,"href":"https:\/\/kav.org.tr\/tr\/wp-json\/wp\/v2\/media\/352"}],"wp:attachment":[{"href":"https:\/\/kav.org.tr\/tr\/wp-json\/wp\/v2\/media?parent=1315"}],"curies":[{"name":"wp","href":"https:\/\/api.w.org\/{rel}","templated":true}]}}