{"id":6099,"date":"2025-04-14T08:35:02","date_gmt":"2025-04-14T05:35:02","guid":{"rendered":"https:\/\/kav.org.tr\/new-site\/?page_id=6099"},"modified":"2026-01-07T14:16:23","modified_gmt":"2026-01-07T11:16:23","slug":"bilim-ve-teknoloji-direktorlugu","status":"publish","type":"page","link":"https:\/\/kav.org.tr\/tr\/bilim-ve-teknoloji-direktorlugu\/","title":{"rendered":"Kapasite G. 98"},"content":{"rendered":"\n<p>Sayfa yap\u0131m a\u015famas\u0131ndad\u0131r&#8230;<\/p>\n","protected":false},"excerpt":{"rendered":"<p>Sayfa yap\u0131m a\u015famas\u0131ndad\u0131r&#8230;<\/p>\n","protected":false},"author":1,"featured_media":0,"parent":0,"menu_order":0,"comment_status":"closed","ping_status":"closed","template":"","meta":{"give_campaign_id":0,"footnotes":""},"class_list":["post-6099","page","type-page","status-publish","hentry"],"campaignId":"","_links":{"self":[{"href":"https:\/\/kav.org.tr\/tr\/wp-json\/wp\/v2\/pages\/6099","targetHints":{"allow":["GET"]}}],"collection":[{"href":"https:\/\/kav.org.tr\/tr\/wp-json\/wp\/v2\/pages"}],"about":[{"href":"https:\/\/kav.org.tr\/tr\/wp-json\/wp\/v2\/types\/page"}],"author":[{"embeddable":true,"href":"https:\/\/kav.org.tr\/tr\/wp-json\/wp\/v2\/users\/1"}],"replies":[{"embeddable":true,"href":"https:\/\/kav.org.tr\/tr\/wp-json\/wp\/v2\/comments?post=6099"}],"version-history":[{"count":5,"href":"https:\/\/kav.org.tr\/tr\/wp-json\/wp\/v2\/pages\/6099\/revisions"}],"predecessor-version":[{"id":6850,"href":"https:\/\/kav.org.tr\/tr\/wp-json\/wp\/v2\/pages\/6099\/revisions\/6850"}],"wp:attachment":[{"href":"https:\/\/kav.org.tr\/tr\/wp-json\/wp\/v2\/media?parent=6099"}],"curies":[{"name":"wp","href":"https:\/\/api.w.org\/{rel}","templated":true}]}}